{"id":1122,"date":"2024-06-11T14:06:24","date_gmt":"2024-06-11T20:06:24","guid":{"rendered":"https:\/\/nuevosmiledentalcare.com\/?page_id=1122"},"modified":"2024-07-03T16:22:08","modified_gmt":"2024-07-03T22:22:08","slug":"faq-es","status":"publish","type":"page","link":"https:\/\/nuevosmiledentalcare.com\/index.php\/faq-es\/","title":{"rendered":"FAQ"},"content":{"rendered":"<p>[et_pb_section fb_built=\u00bb1&#8243; _builder_version=\u00bb4.25.1&#8243; _module_preset=\u00bbdefault\u00bb use_background_color_gradient=\u00bbon\u00bb background_color_gradient_stops=\u00bb#45c0f0 0%|#46bed7 100%\u00bb custom_margin=\u00bb0px||0px||true|false\u00bb custom_padding=\u00bb45px||45px||true|false\u00bb border_radii=\u00bboff|||50px|50px\u00bb box_shadow_style=\u00bbpreset1&#8243; box_shadow_spread=\u00bb-5px\u00bb global_colors_info=\u00bb{}\u00bb][et_pb_row _builder_version=\u00bb4.24.2&#8243; _module_preset=\u00bbdefault\u00bb width_tablet=\u00bb\u00bb width_phone=\u00bb\u00bb width_last_edited=\u00bbon|phone\u00bb max_width_tablet=\u00bb\u00bb max_width_phone=\u00bb\u00bb max_width_last_edited=\u00bbon|phone\u00bb custom_margin=\u00bb0px||0px||true|false\u00bb custom_padding=\u00bb0px||0px||true|false\u00bb global_colors_info=\u00bb{}\u00bb][et_pb_column type=\u00bb4_4&#8243; _builder_version=\u00bb4.24.2&#8243; _module_preset=\u00bbdefault\u00bb global_colors_info=\u00bb{}\u00bb][et_pb_image src=\u00bbhttps:\/\/nuevosmiledentalcare.com\/wp-content\/uploads\/2024\/06\/08-FAQ.svg\u00bb title_text=\u00bb08-FAQ\u00bb align=\u00bbcenter\u00bb _builder_version=\u00bb4.25.1&#8243; _module_preset=\u00bbdefault\u00bb width=\u00bb9%\u00bb width_tablet=\u00bb13%\u00bb width_phone=\u00bb25%\u00bb width_last_edited=\u00bbon|tablet\u00bb module_alignment=\u00bbcenter\u00bb global_colors_info=\u00bb{}\u00bb][\/et_pb_image][et_pb_text _builder_version=\u00bb4.25.1&#8243; _module_preset=\u00bbdefault\u00bb text_font=\u00bbArial||||||||\u00bb text_text_color=\u00bb#FFFFFF\u00bb text_font_size=\u00bb35px\u00bb text_letter_spacing=\u00bb1px\u00bb text_line_height=\u00bb1.1em\u00bb text_orientation=\u00bbcenter\u00bb width=\u00bb70%\u00bb width_tablet=\u00bb70%\u00bb width_phone=\u00bb95%\u00bb width_last_edited=\u00bbon|phone\u00bb module_alignment=\u00bbcenter\u00bb custom_margin=\u00bb0px||0px||false|false\u00bb custom_padding=\u00bb0px||0px||false|false\u00bb text_font_size_tablet=\u00bb30px\u00bb text_font_size_phone=\u00bb30px\u00bb text_font_size_last_edited=\u00bbon|tablet\u00bb text_line_height_tablet=\u00bb\u00bb text_line_height_phone=\u00bb1em\u00bb text_line_height_last_edited=\u00bbon|phone\u00bb global_colors_info=\u00bb{}\u00bb]<\/p>\n<p>FAQ<\/p>\n<p>[\/et_pb_text][\/et_pb_column][\/et_pb_row][\/et_pb_section][et_pb_section fb_built=\u00bb1&#8243; module_id=\u00bbfase-proyecto\u00bb _builder_version=\u00bb4.25.1&#8243; _module_preset=\u00bbdefault\u00bb custom_margin=\u00bb50px||||false|false\u00bb custom_padding=\u00bb0px||||false|false\u00bb global_colors_info=\u00bb{}\u00bb][et_pb_row _builder_version=\u00bb4.25.1&#8243; _module_preset=\u00bbdefault\u00bb width=\u00bb50%\u00bb width_tablet=\u00bb70%\u00bb width_phone=\u00bb80%\u00bb width_last_edited=\u00bbon|desktop\u00bb global_colors_info=\u00bb{}\u00bb][et_pb_column type=\u00bb4_4&#8243; _builder_version=\u00bb4.24.0&#8243; _module_preset=\u00bbdefault\u00bb global_colors_info=\u00bb{}\u00bb][et_pb_toggle title=\u00bb\u00bfAceptan mi seguro dental?\u00bb open_toggle_text_color=\u00bb#FFFFFF\u00bb open_toggle_background_color=\u00bb#45C0F0&#8243; closed_toggle_background_color=\u00bb#45C0F0&#8243; icon_color=\u00bb#FFFFFF\u00bb use_icon_font_size=\u00bbon\u00bb open_icon_color=\u00bb#FFFFFF\u00bb _builder_version=\u00bb4.25.1&#8243; _dynamic_attributes=\u00bblink_option_url\u00bb _module_preset=\u00bbdefault\u00bb title_text_color=\u00bb#FFFFFF\u00bb title_font=\u00bbArial|700|||||||\u00bb title_font_size=\u00bb18px\u00bb closed_title_font=\u00bbArial||||||||\u00bb body_font=\u00bbArial||||||||\u00bb body_text_color=\u00bb#FFFFFF\u00bb body_font_size=\u00bb16px\u00bb background_color=\u00bb#8DC73F\u00bb text_orientation=\u00bbleft\u00bb custom_margin=\u00bb0px||0px||false|false\u00bb custom_padding=\u00bb13px||13px||false|false\u00bb link_option_url=\u00bb@ET-DC@eyJkeW5hbWljIjp0cnVlLCJjb250ZW50IjoicG9zdF9saW5rX3VybF9wYWdlIiwic2V0dGluZ3MiOnsicG9zdF9pZCI6IjE5MCJ9fQ==@\u00bb custom_css_before=\u00bbcontent: url(https:\/\/nuevosmiledentalcare.com\/wp-content\/uploads\/2024\/06\/09.1-No.1.png);||position: absolute;||top: 12px;||left: 18px;\u00bb custom_css_toggle_title=\u00bbmargin-left: 27px\u00bb custom_css_toggle_content=\u00bbmargin-left: 27px\u00bb border_radii=\u00bbon|10px|10px|10px|10px\u00bb border_width_all=\u00bb0px\u00bb global_colors_info=\u00bb{}\u00bb]<\/p>\n<p><span>T<\/span>rabajamos con una amplia variedad de aseguradoras dentales para asegurarnos de que puedas recibir la atenci\u00f3n que necesitas. Debido a la gran cantidad de planes de seguro disponibles, te invitamos a contactarnos directamente para verificar si aceptamos tu seguro dental espec\u00edfico y para revisar la cobertura de los diferentes tratamientos. Nuestro equipo estar\u00e1 encantado de ayudarte y responder a todas tus preguntas.<\/p>\n<p>[\/et_pb_toggle][et_pb_toggle title=\u00bb\u00bfCu\u00e1nto cuesta un chequeo dental regular?\u00bb open_toggle_text_color=\u00bb#FFFFFF\u00bb open_toggle_background_color=\u00bb#45C0F0&#8243; closed_toggle_background_color=\u00bb#45C0F0&#8243; icon_color=\u00bb#FFFFFF\u00bb use_icon_font_size=\u00bbon\u00bb open_icon_color=\u00bb#FFFFFF\u00bb _builder_version=\u00bb4.25.1&#8243; _dynamic_attributes=\u00bblink_option_url\u00bb _module_preset=\u00bbdefault\u00bb title_text_color=\u00bb#FFFFFF\u00bb title_font=\u00bbArial|700|||||||\u00bb title_font_size=\u00bb18px\u00bb closed_title_font=\u00bbArial||||||||\u00bb body_font=\u00bbArial||||||||\u00bb body_text_color=\u00bb#FFFFFF\u00bb body_font_size=\u00bb16px\u00bb background_color=\u00bb#8DC73F\u00bb text_orientation=\u00bbleft\u00bb custom_margin=\u00bb3px||0px||false|false\u00bb custom_padding=\u00bb13px||13px||false|false\u00bb link_option_url=\u00bb@ET-DC@eyJkeW5hbWljIjp0cnVlLCJjb250ZW50IjoicG9zdF9saW5rX3VybF9wYWdlIiwic2V0dGluZ3MiOnsicG9zdF9pZCI6IjI3OCJ9fQ==@\u00bb custom_css_before=\u00bbcontent: url(https:\/\/nuevosmiledentalcare.com\/wp-content\/uploads\/2024\/06\/09.2-No.2.png);||position: absolute;||top: 12px;||left: 18px;\u00bb custom_css_toggle_title=\u00bbmargin-left: 27px\u00bb custom_css_toggle_content=\u00bbmargin-left: 27px\u00bb border_radii=\u00bbon|10px|10px|10px|10px\u00bb border_width_all=\u00bb0px\u00bb global_colors_info=\u00bb{}\u00bb]<\/p>\n<p>Ofrecemos chequeos dentales regulares a partir de $25 dls. Nos enorgullece ser una cl\u00ednica accesible y comprometida con proporcionar servicios de alta calidad a precios competitivos. Entendemos que cada paciente tiene necesidades \u00fanicas, por lo que tambi\u00e9n ofrecemos opciones de financiamiento para tratamientos adicionales. Nuestro objetivo es asegurarnos de que puedas recibir el cuidado dental que necesitas sin preocuparte por el costo. Para obtener m\u00e1s informaci\u00f3n sobre nuestros servicios y planes de financiamiento, no dudes en contactarnos.<\/p>\n<p>[\/et_pb_toggle][et_pb_toggle title=\u00bb\t\u00bfOfrecen planes de financiamiento, pagos a plazos o seguro dental?\u00bb open_toggle_text_color=\u00bb#FFFFFF\u00bb open_toggle_background_color=\u00bb#45C0F0&#8243; closed_toggle_background_color=\u00bb#45C0F0&#8243; icon_color=\u00bb#FFFFFF\u00bb use_icon_font_size=\u00bbon\u00bb open_icon_color=\u00bb#FFFFFF\u00bb _builder_version=\u00bb4.25.1&#8243; _dynamic_attributes=\u00bblink_option_url\u00bb _module_preset=\u00bbdefault\u00bb title_text_color=\u00bb#FFFFFF\u00bb title_font=\u00bbArial|700|||||||\u00bb title_font_size=\u00bb18px\u00bb closed_title_font=\u00bbArial||||||||\u00bb body_font=\u00bbArial||||||||\u00bb body_text_color=\u00bb#FFFFFF\u00bb body_font_size=\u00bb16px\u00bb background_color=\u00bb#8DC73F\u00bb text_orientation=\u00bbleft\u00bb custom_margin=\u00bb3px||0px||false|false\u00bb custom_padding=\u00bb13px||13px||false|false\u00bb link_option_url=\u00bb@ET-DC@eyJkeW5hbWljIjp0cnVlLCJjb250ZW50IjoicG9zdF9saW5rX3VybF9wYWdlIiwic2V0dGluZ3MiOnsicG9zdF9pZCI6IjQ5MyJ9fQ==@\u00bb custom_css_before=\u00bbcontent: url(https:\/\/nuevosmiledentalcare.com\/wp-content\/uploads\/2024\/06\/09.3-No.3.png);||position: absolute;||top: 12px;||left: 18px;\u00bb custom_css_toggle_title=\u00bbmargin-left: 27px\u00bb custom_css_toggle_content=\u00bbmargin-left: 27px\u00bb border_radii=\u00bbon|10px|10px|10px|10px\u00bb border_width_all=\u00bb0px\u00bb global_colors_info=\u00bb{}\u00bb]<\/p>\n<p><span>E<\/span>ntendemos que el costo de los tratamientos dentales puede ser una preocupaci\u00f3n. Por eso, ofrecemos diversas opciones de financiamiento y planes de pago a plazos para adaptarnos a tus necesidades. Adem\u00e1s, trabajamos con una amplia variedad de aseguranzas dentales. Debido a que las opciones pueden variar seg\u00fan el tratamiento y el tipo de seguro que tengas, te invitamos a contactarnos directamente. Nuestro equipo estar\u00e1 encantado de ayudarte a explorar las opciones disponibles y encontrar la mejor soluci\u00f3n para ti.<\/p>\n<p>[\/et_pb_toggle][et_pb_toggle title=\u00bb\u00bfCu\u00e1l es la frecuencia recomendada para las limpiezas dentales?\u00bb open_toggle_text_color=\u00bb#FFFFFF\u00bb open_toggle_background_color=\u00bb#45C0F0&#8243; closed_toggle_background_color=\u00bb#45C0F0&#8243; icon_color=\u00bb#FFFFFF\u00bb use_icon_font_size=\u00bbon\u00bb open_icon_color=\u00bb#FFFFFF\u00bb _builder_version=\u00bb4.25.1&#8243; _dynamic_attributes=\u00bblink_option_url\u00bb _module_preset=\u00bbdefault\u00bb title_text_color=\u00bb#FFFFFF\u00bb title_font=\u00bbArial|700|||||||\u00bb title_font_size=\u00bb18px\u00bb closed_title_font=\u00bbArial||||||||\u00bb body_font=\u00bbArial||||||||\u00bb body_text_color=\u00bb#FFFFFF\u00bb body_font_size=\u00bb16px\u00bb background_color=\u00bb#8DC73F\u00bb text_orientation=\u00bbleft\u00bb custom_margin=\u00bb3px||0px||false|false\u00bb custom_padding=\u00bb13px||13px||false|false\u00bb link_option_url=\u00bb@ET-DC@eyJkeW5hbWljIjp0cnVlLCJjb250ZW50IjoicG9zdF9saW5rX3VybF9wYWdlIiwic2V0dGluZ3MiOnsicG9zdF9pZCI6IjQwMSJ9fQ==@\u00bb custom_css_before=\u00bbcontent: url(https:\/\/nuevosmiledentalcare.com\/wp-content\/uploads\/2024\/06\/09.4-No.4.png);||position: absolute;||top: 12px;||left: 18px;\u00bb custom_css_toggle_title=\u00bbmargin-left: 27px\u00bb custom_css_toggle_content=\u00bbmargin-left: 27px\u00bb border_radii=\u00bbon|10px|10px|10px|10px\u00bb border_width_all=\u00bb0px\u00bb global_colors_info=\u00bb{}\u00bb]<\/p>\n<p>Recomendamos que la mayor\u00eda de los pacientes se realicen limpiezas dentales cada seis meses. Esta frecuencia permite mantener una buena salud bucal y prevenir problemas como caries, enfermedad de las enc\u00edas y acumulaci\u00f3n de placa. Sin embargo, la frecuencia ideal puede variar seg\u00fan las necesidades individuales de cada paciente. Algunas personas, especialmente aquellas con antecedentes de enfermedades periodontales o condiciones m\u00e9dicas que afectan la salud bucal, pueden necesitar limpiezas m\u00e1s frecuentes. Es importante discutir tu situaci\u00f3n espec\u00edfica con tu dentista, quien podr\u00e1 recomendar el mejor plan de cuidado para ti.<\/p>\n<p>[\/et_pb_toggle][et_pb_toggle title=\u00bb\u00bfQu\u00e9 debo hacer en caso de una emergencia dental?\u00bb open_toggle_text_color=\u00bb#FFFFFF\u00bb open_toggle_background_color=\u00bb#45C0F0&#8243; closed_toggle_background_color=\u00bb#45C0F0&#8243; icon_color=\u00bb#FFFFFF\u00bb use_icon_font_size=\u00bbon\u00bb open_icon_color=\u00bb#FFFFFF\u00bb _builder_version=\u00bb4.25.1&#8243; _dynamic_attributes=\u00bblink_option_url\u00bb _module_preset=\u00bbdefault\u00bb title_text_color=\u00bb#FFFFFF\u00bb title_font=\u00bbArial|700|||||||\u00bb title_font_size=\u00bb18px\u00bb closed_title_font=\u00bbArial||||||||\u00bb body_font=\u00bbArial||||||||\u00bb body_text_color=\u00bb#FFFFFF\u00bb body_font_size=\u00bb16px\u00bb background_color=\u00bb#8DC73F\u00bb text_orientation=\u00bbleft\u00bb custom_margin=\u00bb3px||0px||false|false\u00bb custom_padding=\u00bb13px||13px||false|false\u00bb link_option_url=\u00bb@ET-DC@eyJkeW5hbWljIjp0cnVlLCJjb250ZW50IjoicG9zdF9saW5rX3VybF9wYWdlIiwic2V0dGluZ3MiOnsicG9zdF9pZCI6IjMwNiJ9fQ==@\u00bb custom_css_before=\u00bbcontent: url(https:\/\/nuevosmiledentalcare.com\/wp-content\/uploads\/2024\/06\/09.5-No.5.png);||position: absolute;||top: 12px;||left: 18px;\u00bb custom_css_toggle_title=\u00bbmargin-left: 27px\u00bb custom_css_toggle_content=\u00bbmargin-left: 27px\u00bb border_radii=\u00bbon|10px|10px|10px|10px\u00bb border_width_all=\u00bb0px\u00bb global_colors_info=\u00bb{}\u00bb]<\/p>\n<p>Te recomendamos que nos contactes de inmediato para recibir asistencia profesional. Por favor, llama a nuestro n\u00famero de emergencia al 951-241-2019.<\/p>\n<p>[\/et_pb_toggle][et_pb_toggle title=\u00bb\u00bfQu\u00e9 tratamientos ofrecen para blanquear los dientes?\u00bb open_toggle_text_color=\u00bb#FFFFFF\u00bb open_toggle_background_color=\u00bb#45C0F0&#8243; closed_toggle_background_color=\u00bb#45C0F0&#8243; icon_color=\u00bb#FFFFFF\u00bb use_icon_font_size=\u00bbon\u00bb open_icon_color=\u00bb#FFFFFF\u00bb _builder_version=\u00bb4.25.1&#8243; _dynamic_attributes=\u00bblink_option_url\u00bb _module_preset=\u00bbdefault\u00bb title_text_color=\u00bb#FFFFFF\u00bb title_font=\u00bbArial|700|||||||\u00bb title_font_size=\u00bb18px\u00bb closed_title_font=\u00bbArial||||||||\u00bb body_font=\u00bbArial||||||||\u00bb body_text_color=\u00bb#FFFFFF\u00bb body_font_size=\u00bb16px\u00bb background_color=\u00bb#8DC73F\u00bb text_orientation=\u00bbleft\u00bb custom_margin=\u00bb3px||0px||false|false\u00bb custom_padding=\u00bb13px||13px||false|false\u00bb link_option_url=\u00bb@ET-DC@eyJkeW5hbWljIjp0cnVlLCJjb250ZW50IjoicG9zdF9saW5rX3VybF9wYWdlIiwic2V0dGluZ3MiOnsicG9zdF9pZCI6IjQyMiJ9fQ==@\u00bb custom_css_before=\u00bbcontent: url(https:\/\/nuevosmiledentalcare.com\/wp-content\/uploads\/2024\/06\/09.6-No.6.png);||position: absolute;||top: 12px;||left: 18px;\u00bb custom_css_toggle_title=\u00bbmargin-left: 27px\u00bb custom_css_toggle_content=\u00bbmargin-left: 27px\u00bb border_radii=\u00bbon|10px|10px|10px|10px\u00bb border_width_all=\u00bb0px\u00bb global_colors_info=\u00bb{}\u00bb]<\/p>\n<p>Ofrecemos varios tratamientos efectivos para blanquear tus dientes y ayudarte a lograr una sonrisa m\u00e1s brillante. Entre nuestras opciones de blanqueamiento dental se incluyen:<\/p>\n<p><span><strong>Blanqueamiento en el Consultorio:<\/strong><\/span> Utilizamos t\u00e9cnicas avanzadas y productos de alta calidad para ofrecer resultados r\u00e1pidos y notables en una sola visita. Este tratamiento es ideal para quienes buscan una mejora inmediata en el color de sus dientes.<\/p>\n<p><span><strong>Blanqueamiento con Luz LED:<\/strong><\/span> Este m\u00e9todo utiliza un gel blanqueador activado por una luz LED especial, lo que acelera el proceso de blanqueamiento y proporciona resultados excepcionales en poco tiempo.<\/p>\n<p><span><strong>Kits de Blanqueamiento para Uso en Casa:<\/strong><\/span> Proporcionamos kits personalizados para que puedas blanquear tus dientes en la comodidad de tu hogar. Estos kits incluyen bandejas hechas a medida y un gel blanqueador profesional, asegurando un ajuste perfecto y resultados efectivos.<\/p>\n<p><span><strong>Blanqueamiento con L\u00e1<\/strong><\/span><span><strong>piz Blanqueador:<\/strong><\/span> Ideal para retoques r\u00e1pidos y convenientes, este m\u00e9todo permite aplicar el agente blanqueador directamente sobre los dientes, lo que es perfecto para mantener una sonrisa brillante entre tratamientos m\u00e1s intensivos.<\/p>\n<p>&nbsp;<\/p>\n<p>Para determinar cu\u00e1l es el tratamiento de blanqueamiento m\u00e1s adecuado para ti, te invitamos a programar una consulta con nuestros especialistas. Evaluaremos tus necesidades espec\u00edficas y te recomendaremos la mejor opci\u00f3n para lograr los resultados deseados.<\/p>\n<p>[\/et_pb_toggle][et_pb_toggle title=\u00bb\u00bfC\u00f3mo puedo prevenir las caries y la enfermedad de las enc\u00edas?\u00bb open_toggle_text_color=\u00bb#FFFFFF\u00bb open_toggle_background_color=\u00bb#45C0F0&#8243; closed_toggle_background_color=\u00bb#45C0F0&#8243; icon_color=\u00bb#FFFFFF\u00bb use_icon_font_size=\u00bbon\u00bb open_icon_color=\u00bb#FFFFFF\u00bb _builder_version=\u00bb4.25.1&#8243; _dynamic_attributes=\u00bblink_option_url\u00bb _module_preset=\u00bbdefault\u00bb title_text_color=\u00bb#FFFFFF\u00bb title_font=\u00bbArial|700|||||||\u00bb title_font_size=\u00bb18px\u00bb closed_title_font=\u00bbArial||||||||\u00bb body_font=\u00bbArial||||||||\u00bb body_text_color=\u00bb#FFFFFF\u00bb body_font_size=\u00bb16px\u00bb background_color=\u00bb#8DC73F\u00bb text_orientation=\u00bbleft\u00bb custom_margin=\u00bb3px||0px||false|false\u00bb custom_padding=\u00bb13px||13px||false|false\u00bb link_option_url=\u00bb@ET-DC@eyJkeW5hbWljIjp0cnVlLCJjb250ZW50IjoicG9zdF9saW5rX3VybF9wYWdlIiwic2V0dGluZ3MiOnsicG9zdF9pZCI6IjQ1NCJ9fQ==@\u00bb hover_enabled=\u00bb0&#8243; custom_css_before=\u00bbcontent: url(https:\/\/nuevosmiledentalcare.com\/wp-content\/uploads\/2024\/06\/09.7-No.7.png);||position: absolute;||top: 12px;||left: 18px;\u00bb custom_css_toggle_title=\u00bbmargin-left: 27px\u00bb custom_css_toggle_content=\u00bbmargin-left: 27px\u00bb border_radii=\u00bbon|10px|10px|10px|10px\u00bb border_width_all=\u00bb0px\u00bb global_colors_info=\u00bb{}\u00bb sticky_enabled=\u00bb0&#8243;]<\/p>\n<p>Prevenir las caries y la enfermedad de las enc\u00edas es fundamental para mantener una buena salud bucal. Aqu\u00ed tienes algunas indicaciones clave:<\/p>\n<p><span><strong>Cepillado Regular: <\/strong><\/span>Cep\u00edllate los dientes al menos dos veces al d\u00eda con un cepillo de cerdas suaves y una pasta dental con fl\u00faor. Aseg\u00farate de cepillar todas las superficies de los dientes, incluyendo la l\u00ednea de las enc\u00edas y la lengua.<\/p>\n<p><span><strong>Uso de Hilo Dental: <\/strong><\/span>Usa hilo dental diariamente para eliminar la placa y las part\u00edculas de comida que se quedan entre los dientes y debajo de la l\u00ednea de las enc\u00edas, donde el cepillo no puede alcanzar.<\/p>\n<p><span><strong>Enjuague Bucal:<\/strong><\/span> Utiliza un enjuague bucal antibacteriano para reducir la placa y prevenir la gingivitis. Consulta a tu dentista para elegir el enjuague m\u00e1s adecuado para ti.<\/p>\n<p><span><strong>Dieta Saludable: <\/strong><\/span>Limita el consumo de alimentos y bebidas azucaradas y \u00e1cidas, que pueden contribuir a la caries dental. Opta por una dieta equilibrada rica en frutas, verduras, prote\u00ednas y l\u00e1cteos bajos en grasa.<\/p>\n<p><span><strong>Visitas Regulares al Dentista: <\/strong><\/span>Programa chequeos dentales y limpiezas profesionales cada seis meses. Esto permite detectar y tratar problemas a tiempo y mantener tus dientes y enc\u00edas saludables.<\/p>\n<p><span><strong>No Fumar:<\/strong><\/span> Evita fumar y el uso de productos de tabaco, ya que estos aumentan significativamente el riesgo de enfermedades de las enc\u00edas y otros problemas de salud bucal.<\/p>\n<p>&nbsp;<\/p>\n<p>Para obtener recomendaciones personalizadas basadas en tu condici\u00f3n espec\u00edfica, te invitamos a visitar la Cl\u00ednica Dental Nuevo California. Nuestro equipo de profesionales est\u00e1 aqu\u00ed para evaluar tu salud bucal y proporcionarte un plan de prevenci\u00f3n adaptado a tus necesidades.<\/p>\n<p>[\/et_pb_toggle][et_pb_toggle title=\u00bb\u00bfA partir de qu\u00e9 edad deber\u00eda traer a mi hijo para su primera visita dental?\u00bb open_toggle_text_color=\u00bb#FFFFFF\u00bb open_toggle_background_color=\u00bb#45C0F0&#8243; closed_toggle_background_color=\u00bb#45C0F0&#8243; icon_color=\u00bb#FFFFFF\u00bb use_icon_font_size=\u00bbon\u00bb open_icon_color=\u00bb#FFFFFF\u00bb _builder_version=\u00bb4.25.1&#8243; _dynamic_attributes=\u00bblink_option_url\u00bb _module_preset=\u00bbdefault\u00bb title_text_color=\u00bb#FFFFFF\u00bb title_font=\u00bbArial|700|||||||\u00bb title_font_size=\u00bb18px\u00bb closed_title_font=\u00bbArial||||||||\u00bb body_font=\u00bbArial||||||||\u00bb body_text_color=\u00bb#FFFFFF\u00bb body_font_size=\u00bb16px\u00bb background_color=\u00bb#8DC73F\u00bb text_orientation=\u00bbleft\u00bb custom_margin=\u00bb3px||0px||false|false\u00bb custom_padding=\u00bb13px||13px||false|false\u00bb link_option_url=\u00bb@ET-DC@eyJkeW5hbWljIjp0cnVlLCJjb250ZW50IjoicG9zdF9saW5rX3VybF9wYWdlIiwic2V0dGluZ3MiOnsicG9zdF9pZCI6IjQ1NCJ9fQ==@\u00bb hover_enabled=\u00bb0&#8243; custom_css_before=\u00bbcontent: url(https:\/\/nuevosmiledentalcare.com\/wp-content\/uploads\/2024\/06\/09.8-No.8.png);||position: absolute;||top: 12px;||left: 18px;\u00bb custom_css_toggle_title=\u00bbmargin-left: 27px\u00bb custom_css_toggle_content=\u00bbmargin-left: 27px\u00bb border_radii=\u00bbon|10px|10px|10px|10px\u00bb border_width_all=\u00bb0px\u00bb global_colors_info=\u00bb{}\u00bb sticky_enabled=\u00bb0&#8243;]<\/p>\n<p>Recomendamos que los ni\u00f1os tengan su primera visita al dentista alrededor de su primer cumplea\u00f1os o dentro de los seis meses posteriores a la aparici\u00f3n de su primer diente, lo que ocurra primero.<\/p>\n<p>Esta primera visita es fundamental para establecer una base s\u00f3lida para la salud bucal de tu hijo. Durante esta consulta inicial, evaluaremos el desarrollo dental de tu hijo, te proporcionaremos consejos sobre higiene bucal adecuada y responderemos a cualquier pregunta que puedas tener.<\/p>\n<p>Adem\u00e1s, esta visita temprana ayuda a que tu hijo se familiarice con el entorno del consultorio dental, lo que puede reducir el miedo y la ansiedad en futuras visitas.<\/p>\n<p>Nos especializamos en atenci\u00f3n pedi\u00e1trica y estamos comprometidos a hacer que la experiencia dental de tu hijo sea positiva y educativa.<\/p>\n<p>Si tienes m\u00e1s preguntas o deseas programar la primera visita de tu hijo, no dudes en contactarnos. Tel\u00e9fono: 951 928 4333.<\/p>\n<p>[\/et_pb_toggle][\/et_pb_column][\/et_pb_row][\/et_pb_section]<\/p>\n","protected":false},"excerpt":{"rendered":"<p>FAQTrabajamos con una amplia variedad de aseguradoras dentales para asegurarnos de que puedas recibir la atenci\u00f3n que necesitas. Debido a la gran cantidad de planes de seguro disponibles, te invitamos a contactarnos directamente para verificar si aceptamos tu seguro dental espec\u00edfico y para revisar la cobertura de los diferentes tratamientos. Nuestro equipo estar\u00e1 encantado de [&hellip;]<\/p>\n","protected":false},"author":1,"featured_media":0,"parent":0,"menu_order":26,"comment_status":"closed","ping_status":"closed","template":"","meta":{"_et_pb_use_builder":"on","_et_pb_old_content":"","_et_gb_content_width":"","inline_featured_image":false,"footnotes":""},"class_list":["post-1122","page","type-page","status-publish","hentry"],"_links":{"self":[{"href":"https:\/\/nuevosmiledentalcare.com\/index.php\/wp-json\/wp\/v2\/pages\/1122","targetHints":{"allow":["GET"]}}],"collection":[{"href":"https:\/\/nuevosmiledentalcare.com\/index.php\/wp-json\/wp\/v2\/pages"}],"about":[{"href":"https:\/\/nuevosmiledentalcare.com\/index.php\/wp-json\/wp\/v2\/types\/page"}],"author":[{"embeddable":true,"href":"https:\/\/nuevosmiledentalcare.com\/index.php\/wp-json\/wp\/v2\/users\/1"}],"replies":[{"embeddable":true,"href":"https:\/\/nuevosmiledentalcare.com\/index.php\/wp-json\/wp\/v2\/comments?post=1122"}],"version-history":[{"count":5,"href":"https:\/\/nuevosmiledentalcare.com\/index.php\/wp-json\/wp\/v2\/pages\/1122\/revisions"}],"predecessor-version":[{"id":1189,"href":"https:\/\/nuevosmiledentalcare.com\/index.php\/wp-json\/wp\/v2\/pages\/1122\/revisions\/1189"}],"wp:attachment":[{"href":"https:\/\/nuevosmiledentalcare.com\/index.php\/wp-json\/wp\/v2\/media?parent=1122"}],"curies":[{"name":"wp","href":"https:\/\/api.w.org\/{rel}","templated":true}]}}