{"id":210,"date":"2024-03-12T21:05:35","date_gmt":"2024-03-12T21:05:35","guid":{"rendered":"https:\/\/nuevosmiledentalcare.com\/\/?page_id=210"},"modified":"2025-01-20T19:06:57","modified_gmt":"2025-01-21T01:06:57","slug":"coronas","status":"publish","type":"page","link":"https:\/\/nuevosmiledentalcare.com\/index.php\/servicios-es\/coronas\/","title":{"rendered":"Coronas"},"content":{"rendered":"<p>[et_pb_section fb_built=\u00bb1&#8243; _builder_version=\u00bb4.24.2&#8243; _module_preset=\u00bbdefault\u00bb use_background_color_gradient=\u00bbon\u00bb background_color_gradient_stops=\u00bb#45c0f0 0%|#46bed7 100%\u00bb custom_margin=\u00bb0px||0px||true|false\u00bb custom_padding=\u00bb50px||50px||true|false\u00bb border_radii=\u00bboff|||50px|50px\u00bb box_shadow_style=\u00bbpreset1&#8243; box_shadow_spread=\u00bb-5px\u00bb global_colors_info=\u00bb{}\u00bb][et_pb_row _builder_version=\u00bb4.24.2&#8243; _module_preset=\u00bbdefault\u00bb width_tablet=\u00bb\u00bb width_phone=\u00bb\u00bb width_last_edited=\u00bbon|phone\u00bb max_width_tablet=\u00bb\u00bb max_width_phone=\u00bb\u00bb max_width_last_edited=\u00bbon|phone\u00bb custom_margin=\u00bb0px||0px||true|false\u00bb custom_padding=\u00bb0px||0px||true|false\u00bb global_colors_info=\u00bb{}\u00bb][et_pb_column type=\u00bb4_4&#8243; _builder_version=\u00bb4.24.2&#8243; _module_preset=\u00bbdefault\u00bb global_colors_info=\u00bb{}\u00bb][et_pb_image src=\u00bbhttps:\/\/nuevosmiledentalcare.com\/\/\/wp-content\/uploads\/2024\/03\/02.1-S.Incrustaciones.svg\u00bb title_text=\u00bb02.1-S.Incrustaciones\u00bb align=\u00bbcenter\u00bb _builder_version=\u00bb4.24.2&#8243; _module_preset=\u00bbdefault\u00bb width=\u00bb8%\u00bb width_tablet=\u00bb13%\u00bb width_phone=\u00bb25%\u00bb width_last_edited=\u00bbon|tablet\u00bb module_alignment=\u00bbcenter\u00bb global_colors_info=\u00bb{}\u00bb][\/et_pb_image][et_pb_text _builder_version=\u00bb4.24.2&#8243; _module_preset=\u00bbdefault\u00bb text_font=\u00bbArial||||||||\u00bb text_text_color=\u00bb#FFFFFF\u00bb text_font_size=\u00bb35px\u00bb text_letter_spacing=\u00bb1px\u00bb text_line_height=\u00bb1.1em\u00bb text_orientation=\u00bbcenter\u00bb width=\u00bb80%\u00bb module_alignment=\u00bbcenter\u00bb custom_margin=\u00bb0px||0px||false|false\u00bb custom_padding=\u00bb0px||0px||false|false\u00bb text_font_size_tablet=\u00bb30px\u00bb text_font_size_phone=\u00bb30px\u00bb text_font_size_last_edited=\u00bbon|tablet\u00bb text_line_height_tablet=\u00bb\u00bb text_line_height_phone=\u00bb1em\u00bb text_line_height_last_edited=\u00bbon|phone\u00bb global_colors_info=\u00bb{}\u00bb]<\/p>\n<p>CORONAS<\/p>\n<p>[\/et_pb_text][\/et_pb_column][\/et_pb_row][\/et_pb_section][et_pb_section fb_built=\u00bb1&#8243; _builder_version=\u00bb4.24.2&#8243; _module_preset=\u00bbdefault\u00bb global_colors_info=\u00bb{}\u00bb][et_pb_row _builder_version=\u00bb4.24.2&#8243; _module_preset=\u00bbdefault\u00bb custom_margin=\u00bb0px||||false|false\u00bb custom_padding=\u00bb0px||40px||false|false\u00bb global_colors_info=\u00bb{}\u00bb][et_pb_column type=\u00bb4_4&#8243; _builder_version=\u00bb4.24.2&#8243; _module_preset=\u00bbdefault\u00bb global_colors_info=\u00bb{}\u00bb][et_pb_text _builder_version=\u00bb4.24.2&#8243; _module_preset=\u00bbdefault\u00bb text_font=\u00bbArial||||||||\u00bb text_text_color=\u00bb#48B6E9&#8243; text_font_size=\u00bb24px\u00bb text_orientation=\u00bbcenter\u00bb width=\u00bb90%\u00bb module_alignment=\u00bbcenter\u00bb text_line_height_tablet=\u00bb\u00bb text_line_height_phone=\u00bb1em\u00bb text_line_height_last_edited=\u00bbon|phone\u00bb global_colors_info=\u00bb{}\u00bb]<\/p>\n<p>\u00bfQU\u00c9 SON LAS CORONAS?<\/p>\n<p>[\/et_pb_text][\/et_pb_column][\/et_pb_row][et_pb_row column_structure=\u00bb3_5,2_5&#8243; use_custom_gutter=\u00bbon\u00bb gutter_width=\u00bb1&#8243; make_equal=\u00bbon\u00bb _builder_version=\u00bb4.24.2&#8243; _module_preset=\u00bbdefault\u00bb module_alignment=\u00bbcenter\u00bb custom_margin=\u00bb0px||||false|false\u00bb custom_padding=\u00bb0px||0px||true|false\u00bb global_colors_info=\u00bb{}\u00bb][et_pb_column type=\u00bb3_5&#8243; _builder_version=\u00bb4.24.2&#8243; _module_preset=\u00bbdefault\u00bb global_colors_info=\u00bb{}\u00bb][et_pb_text _builder_version=\u00bb4.24.2&#8243; _module_preset=\u00bbdefault\u00bb text_font=\u00bbArial||||||||\u00bb text_text_color=\u00bb#21325F\u00bb text_font_size=\u00bb17px\u00bb text_orientation=\u00bbjustified\u00bb width=\u00bb80%\u00bb width_tablet=\u00bb90%\u00bb width_phone=\u00bb90%\u00bb width_last_edited=\u00bbon|tablet\u00bb max_width_tablet=\u00bb768%\u00bb max_width_phone=\u00bb768%\u00bb max_width_last_edited=\u00bbon|tablet\u00bb module_alignment=\u00bbcenter\u00bb custom_margin=\u00bb||17px||false|false\u00bb global_colors_info=\u00bb{}\u00bb]<\/p>\n<p>Una corona dental es una pr\u00f3tesis dental dise\u00f1ada para cubrir y proteger un diente da\u00f1ado o debilitado. Tambi\u00e9n se le conoce como \u00abfundas dentales\u00bb. Las coronas dentales se utilizan com\u00fanmente en la odontolog\u00eda para restaurar la forma, la funci\u00f3n y la apariencia de un diente que ha sufrido da\u00f1os significativos debido a caries, fracturas, desgaste excesivo o cirug\u00eda dental.<\/p>\n<p>Las coronas dentales est\u00e1n hechas de diversos materiales, como cer\u00e1mica, metal, porcelana o una combinaci\u00f3n de estos materiales. El material elegido depende de las necesidades individuales del paciente, la ubicaci\u00f3n del diente en la boca y la preferencia del dentista.<\/p>\n<p>[\/et_pb_text][\/et_pb_column][et_pb_column type=\u00bb2_5&#8243; _builder_version=\u00bb4.24.2&#8243; _module_preset=\u00bbdefault\u00bb global_colors_info=\u00bb{}\u00bb][et_pb_image src=\u00bbhttps:\/\/nuevosmiledentalcare.com\/\/\/wp-content\/uploads\/2024\/03\/03.1.1-Corona-Dental.jpg\u00bb title_text=\u00bb03.1.1-Corona-Dental\u00bb align_tablet=\u00bbcenter\u00bb align_phone=\u00bbcenter\u00bb align_last_edited=\u00bbon|tablet\u00bb _builder_version=\u00bb4.25.1&#8243; _module_preset=\u00bbdefault\u00bb width=\u00bb90%\u00bb width_tablet=\u00bb55%\u00bb width_phone=\u00bb90%\u00bb width_last_edited=\u00bbon|tablet\u00bb custom_margin=\u00bb15px||||false|false\u00bb custom_padding_tablet=\u00bb||30px||false|false\u00bb custom_padding_phone=\u00bb||30px||false|false\u00bb custom_padding_last_edited=\u00bbon|tablet\u00bb global_colors_info=\u00bb{}\u00bb][\/et_pb_image][\/et_pb_column][\/et_pb_row][et_pb_row _builder_version=\u00bb4.24.2&#8243; _module_preset=\u00bbdefault\u00bb custom_margin=\u00bb0px||||false|false\u00bb custom_padding=\u00bb0px||70px||false|false\u00bb global_colors_info=\u00bb{}\u00bb][et_pb_column type=\u00bb4_4&#8243; _builder_version=\u00bb4.24.2&#8243; _module_preset=\u00bbdefault\u00bb global_colors_info=\u00bb{}\u00bb][et_pb_text _builder_version=\u00bb4.24.2&#8243; _module_preset=\u00bbdefault\u00bb text_font=\u00bbArial||||||||\u00bb text_text_color=\u00bb#21325F\u00bb text_font_size=\u00bb17px\u00bb text_orientation=\u00bbjustified\u00bb width=\u00bb88%\u00bb width_tablet=\u00bb90%\u00bb width_phone=\u00bb90%\u00bb width_last_edited=\u00bbon|tablet\u00bb max_width_tablet=\u00bb768%\u00bb max_width_phone=\u00bb768%\u00bb max_width_last_edited=\u00bbon|tablet\u00bb module_alignment=\u00bbcenter\u00bb custom_margin=\u00bb||0px||false|false\u00bb custom_padding=\u00bb||0px||false|false\u00bb global_colors_info=\u00bb{}\u00bb]<\/p>\n<p>El proceso de colocar una corona dental generalmente implica varias etapas:<\/p>\n<ol>\n<li style=\"list-style-type: none;\">\n<ol>\n<li><strong> Evaluaci\u00f3n:<\/strong> El dentista examina el diente afectado para determinar si una corona es necesaria y cu\u00e1l es el mejor material a utilizar.<\/li>\n<li><strong> Preparaci\u00f3n:<\/strong> El diente se prepara mediante la eliminaci\u00f3n de cualquier caries, estructura dental da\u00f1ada o relleno anterior. Se moldea y se toma una impresi\u00f3n del diente preparado.<\/li>\n<li><strong> Fabricaci\u00f3n:<\/strong> La impresi\u00f3n se env\u00eda a un laboratorio dental donde se fabrica la corona dental a medida.<\/li>\n<li><strong> Colocaci\u00f3n: <\/strong>Una vez que la corona dental est\u00e1 lista, se coloca en el diente preparado con un cemento dental especial. El dentista ajusta la corona para garantizar un ajuste adecuado y una mordida c\u00f3moda.<\/li>\n<\/ol>\n<\/li>\n<\/ol>\n<p>[\/et_pb_text][et_pb_text _builder_version=\u00bb4.24.2&#8243; _module_preset=\u00bbdefault\u00bb text_font=\u00bbArial||||||||\u00bb text_text_color=\u00bb#21325F\u00bb text_font_size=\u00bb17px\u00bb text_orientation=\u00bbjustified\u00bb width=\u00bb88%\u00bb width_tablet=\u00bb90%\u00bb width_phone=\u00bb80%\u00bb width_last_edited=\u00bbon|tablet\u00bb max_width_tablet=\u00bb768%\u00bb max_width_phone=\u00bb768%\u00bb max_width_last_edited=\u00bbon|tablet\u00bb module_alignment=\u00bbcenter\u00bb custom_margin=\u00bb0px||||false|false\u00bb custom_padding=\u00bb0px||||false|false\u00bb global_colors_info=\u00bb{}\u00bb]<\/p>\n<p>Las coronas dentales ayudan a restaurar la funci\u00f3n masticatoria, mejoran la est\u00e9tica dental y protegen el diente natural de da\u00f1os posteriores. Tambi\u00e9n se utilizan en procedimientos de odontolog\u00eda cosm\u00e9tica para mejorar la apariencia de los dientes frontales. La durabilidad de una corona dental depende de varios factores, incluido el cuidado oral del paciente y el material utilizado.<\/p>\n<p>[\/et_pb_text][\/et_pb_column][\/et_pb_row][et_pb_row _builder_version=\u00bb4.24.2&#8243; _module_preset=\u00bbdefault\u00bb custom_margin=\u00bb0px||||false|false\u00bb custom_padding=\u00bb0px||40px||false|false\u00bb global_colors_info=\u00bb{}\u00bb][et_pb_column type=\u00bb4_4&#8243; _builder_version=\u00bb4.24.2&#8243; _module_preset=\u00bbdefault\u00bb global_colors_info=\u00bb{}\u00bb][et_pb_text _builder_version=\u00bb4.24.2&#8243; _module_preset=\u00bbdefault\u00bb text_font=\u00bbArial||||||||\u00bb text_text_color=\u00bb#48B6E9&#8243; text_font_size=\u00bb24px\u00bb text_orientation=\u00bbcenter\u00bb width=\u00bb90%\u00bb module_alignment=\u00bbcenter\u00bb custom_margin=\u00bb||45px|||\u00bb text_line_height_tablet=\u00bb\u00bb text_line_height_phone=\u00bb1em\u00bb text_line_height_last_edited=\u00bbon|phone\u00bb global_colors_info=\u00bb{}\u00bb]<\/p>\n<p>5 SE\u00d1ALES DE QUE NECESITA UNA CORONA<\/p>\n<p>[\/et_pb_text][et_pb_image src=\u00bbhttps:\/\/nuevosmiledentalcare.com\/\/\/wp-content\/uploads\/2024\/03\/03.1.2-Corona-Dental.jpg\u00bb title_text=\u00bb03.1.2-Corona-Dental\u00bb _builder_version=\u00bb4.25.1&#8243; _module_preset=\u00bbdefault\u00bb width=\u00bb35%\u00bb width_tablet=\u00bb55%\u00bb width_phone=\u00bb90%\u00bb width_last_edited=\u00bbon|tablet\u00bb module_alignment=\u00bbcenter\u00bb global_colors_info=\u00bb{}\u00bb][\/et_pb_image][et_pb_text _builder_version=\u00bb4.24.2&#8243; _module_preset=\u00bbdefault\u00bb text_font=\u00bbArial||||||||\u00bb text_text_color=\u00bb#21325F\u00bb text_font_size=\u00bb17px\u00bb text_orientation=\u00bbjustified\u00bb width=\u00bb88%\u00bb width_tablet=\u00bb90%\u00bb width_phone=\u00bb90%\u00bb width_last_edited=\u00bbon|tablet\u00bb max_width_tablet=\u00bb768%\u00bb max_width_phone=\u00bb768%\u00bb max_width_last_edited=\u00bbon|tablet\u00bb module_alignment=\u00bbcenter\u00bb custom_margin=\u00bb||0px||false|false\u00bb global_colors_info=\u00bb{}\u00bb]<\/p>\n<p>Existen varias se\u00f1ales que pueden indicar que necesitas una corona dental. Estas se\u00f1ales pueden variar desde problemas funcionales hasta est\u00e9ticos.<\/p>\n<p>Aqu\u00ed hay cinco se\u00f1ales comunes que podr\u00edan indicar la necesidad de una corona dental:<\/p>\n<ol>\n<li style=\"list-style-type: none;\">\n<ol>\n<li><strong> Caries dental avanzada:<\/strong> Cuando una caries dental ha avanzado y ha causado un da\u00f1o significativo a la estructura del diente, es probable que necesites una corona para restaurar su forma y funci\u00f3n. Esto es com\u00fan en dientes que tienen caries extensas o que han sido tratados con empastes grandes en el pasado.<\/li>\n<li><strong> Fracturas dentales:<\/strong> Si has sufrido una fractura dental debido a un traumatismo o a una lesi\u00f3n, una corona dental puede ser necesaria para proteger y fortalecer el diente da\u00f1ado. Las fracturas pueden variar en gravedad, desde peque\u00f1as astillas hasta fracturas m\u00e1s extensas.<\/li>\n<li><strong> Dientes desgastados:<\/strong> El desgaste excesivo de los dientes, ya sea debido al bruxismo (rechinar de dientes), una mala mordida o el envejecimiento, puede hacer que los dientes se vuelvan d\u00e9biles y propensos a la fractura. Una corona dental puede restaurar la forma y la funci\u00f3n de un diente desgastado.<\/li>\n<li><strong> Dientes con tratamientos de conducto radicular:<\/strong> Despu\u00e9s de someterse a un tratamiento de conducto radicular (endodoncia) en un diente, este puede debilitarse. Una corona dental se utiliza a menudo para proteger y fortalecer un diente que ha pasado por este procedimiento.<\/li>\n<li><strong> Est\u00e9tica dental:<\/strong> Las coronas dentales tambi\u00e9n se utilizan con fines est\u00e9ticos para mejorar la apariencia de dientes que est\u00e1n descoloridos, mal formados o tienen defectos cosm\u00e9ticos. Esto es com\u00fan en procedimientos de odontolog\u00eda cosm\u00e9tica, como las carillas dentales.<\/li>\n<\/ol>\n<\/li>\n<\/ol>\n<p>[\/et_pb_text][et_pb_text _builder_version=\u00bb4.24.2&#8243; _module_preset=\u00bbdefault\u00bb text_font=\u00bbArial||||||||\u00bb text_text_color=\u00bb#21325F\u00bb text_font_size=\u00bb17px\u00bb text_orientation=\u00bbjustified\u00bb width=\u00bb88%\u00bb width_tablet=\u00bb90%\u00bb width_phone=\u00bb90%\u00bb width_last_edited=\u00bbon|tablet\u00bb max_width_tablet=\u00bb768%\u00bb max_width_phone=\u00bb768%\u00bb max_width_last_edited=\u00bbon|tablet\u00bb module_alignment=\u00bbcenter\u00bb custom_margin=\u00bb0px||||false|false\u00bb custom_padding=\u00bb0px||||false|false\u00bb global_colors_info=\u00bb{}\u00bb]<\/p>\n<p>Es importante destacar que la necesidad de una corona dental debe ser evaluada y recomendada por un dentista o un especialista en odontolog\u00eda. No debes intentar diagnosticarte ni decidir por ti mismo si necesitas una corona. Un profesional de la salud dental podr\u00e1 evaluar tu situaci\u00f3n y brindarte la atenci\u00f3n dental adecuada seg\u00fan tus necesidades espec\u00edficas.<\/p>\n<p>[\/et_pb_text][\/et_pb_column][\/et_pb_row][\/et_pb_section]<\/p>\n","protected":false},"excerpt":{"rendered":"<p>CORONAS\u00bfQU\u00c9 SON LAS CORONAS?Una corona dental es una pr\u00f3tesis dental dise\u00f1ada para cubrir y proteger un diente da\u00f1ado o debilitado. Tambi\u00e9n se le conoce como \u00abfundas dentales\u00bb. Las coronas dentales se utilizan com\u00fanmente en la odontolog\u00eda para restaurar la forma, la funci\u00f3n y la apariencia de un diente que ha sufrido da\u00f1os significativos debido a [&hellip;]<\/p>\n","protected":false},"author":1,"featured_media":0,"parent":132,"menu_order":4,"comment_status":"closed","ping_status":"closed","template":"","meta":{"_et_pb_use_builder":"on","_et_pb_old_content":"","_et_gb_content_width":"","inline_featured_image":false,"footnotes":""},"class_list":["post-210","page","type-page","status-publish","hentry"],"_links":{"self":[{"href":"https:\/\/nuevosmiledentalcare.com\/index.php\/wp-json\/wp\/v2\/pages\/210","targetHints":{"allow":["GET"]}}],"collection":[{"href":"https:\/\/nuevosmiledentalcare.com\/index.php\/wp-json\/wp\/v2\/pages"}],"about":[{"href":"https:\/\/nuevosmiledentalcare.com\/index.php\/wp-json\/wp\/v2\/types\/page"}],"author":[{"embeddable":true,"href":"https:\/\/nuevosmiledentalcare.com\/index.php\/wp-json\/wp\/v2\/users\/1"}],"replies":[{"embeddable":true,"href":"https:\/\/nuevosmiledentalcare.com\/index.php\/wp-json\/wp\/v2\/comments?post=210"}],"version-history":[{"count":22,"href":"https:\/\/nuevosmiledentalcare.com\/index.php\/wp-json\/wp\/v2\/pages\/210\/revisions"}],"predecessor-version":[{"id":1391,"href":"https:\/\/nuevosmiledentalcare.com\/index.php\/wp-json\/wp\/v2\/pages\/210\/revisions\/1391"}],"up":[{"embeddable":true,"href":"https:\/\/nuevosmiledentalcare.com\/index.php\/wp-json\/wp\/v2\/pages\/132"}],"wp:attachment":[{"href":"https:\/\/nuevosmiledentalcare.com\/index.php\/wp-json\/wp\/v2\/media?parent=210"}],"curies":[{"name":"wp","href":"https:\/\/api.w.org\/{rel}","templated":true}]}}