{"id":319,"date":"2024-03-14T22:07:27","date_gmt":"2024-03-14T22:07:27","guid":{"rendered":"https:\/\/nuevosmiledentalcare.com\/\/?page_id=319"},"modified":"2025-01-20T21:34:08","modified_gmt":"2025-01-21T03:34:08","slug":"endodoncia","status":"publish","type":"page","link":"https:\/\/nuevosmiledentalcare.com\/index.php\/servicios-es\/endodoncia\/","title":{"rendered":"Endodoncia"},"content":{"rendered":"<p>[et_pb_section fb_built=\u00bb1&#8243; _builder_version=\u00bb4.24.2&#8243; _module_preset=\u00bbdefault\u00bb use_background_color_gradient=\u00bbon\u00bb background_color_gradient_stops=\u00bb#45c0f0 0%|#46bed7 100%\u00bb custom_margin=\u00bb0px||0px||true|false\u00bb custom_padding=\u00bb50px||50px||true|false\u00bb border_radii=\u00bboff|||50px|50px\u00bb box_shadow_style=\u00bbpreset1&#8243; box_shadow_spread=\u00bb-5px\u00bb global_colors_info=\u00bb{}\u00bb][et_pb_row _builder_version=\u00bb4.24.2&#8243; _module_preset=\u00bbdefault\u00bb width_tablet=\u00bb\u00bb width_phone=\u00bb\u00bb width_last_edited=\u00bbon|phone\u00bb max_width_tablet=\u00bb\u00bb max_width_phone=\u00bb\u00bb max_width_last_edited=\u00bbon|phone\u00bb custom_margin=\u00bb0px||0px||true|false\u00bb custom_padding=\u00bb0px||0px||true|false\u00bb global_colors_info=\u00bb{}\u00bb][et_pb_column type=\u00bb4_4&#8243; _builder_version=\u00bb4.24.2&#8243; _module_preset=\u00bbdefault\u00bb global_colors_info=\u00bb{}\u00bb][et_pb_image src=\u00bbhttps:\/\/nuevosmiledentalcare.com\/\/\/wp-content\/uploads\/2024\/03\/02.6-S.Endodoncia.svg\u00bb title_text=\u00bb02.6-S.Endodoncia\u00bb align=\u00bbcenter\u00bb _builder_version=\u00bb4.24.2&#8243; _module_preset=\u00bbdefault\u00bb width=\u00bb8%\u00bb width_tablet=\u00bb13%\u00bb width_phone=\u00bb25%\u00bb width_last_edited=\u00bbon|tablet\u00bb module_alignment=\u00bbcenter\u00bb global_colors_info=\u00bb{}\u00bb][\/et_pb_image][et_pb_text _builder_version=\u00bb4.24.2&#8243; _module_preset=\u00bbdefault\u00bb text_font=\u00bbArial||||||||\u00bb text_text_color=\u00bb#FFFFFF\u00bb text_font_size=\u00bb35px\u00bb text_letter_spacing=\u00bb1px\u00bb text_line_height=\u00bb1.1em\u00bb text_orientation=\u00bbcenter\u00bb width=\u00bb80%\u00bb module_alignment=\u00bbcenter\u00bb custom_margin=\u00bb0px||0px||false|false\u00bb custom_padding=\u00bb0px||0px||false|false\u00bb text_font_size_tablet=\u00bb30px\u00bb text_font_size_phone=\u00bb30px\u00bb text_font_size_last_edited=\u00bbon|tablet\u00bb text_line_height_tablet=\u00bb\u00bb text_line_height_phone=\u00bb1em\u00bb text_line_height_last_edited=\u00bbon|phone\u00bb global_colors_info=\u00bb{}\u00bb]<\/p>\n<p>ENDODONCIA<\/p>\n<p>[\/et_pb_text][\/et_pb_column][\/et_pb_row][\/et_pb_section][et_pb_section fb_built=\u00bb1&#8243; _builder_version=\u00bb4.24.2&#8243; _module_preset=\u00bbdefault\u00bb global_colors_info=\u00bb{}\u00bb][et_pb_row _builder_version=\u00bb4.24.2&#8243; _module_preset=\u00bbdefault\u00bb custom_margin=\u00bb0px||||false|false\u00bb custom_padding=\u00bb0px||40px||false|false\u00bb global_colors_info=\u00bb{}\u00bb][et_pb_column type=\u00bb4_4&#8243; _builder_version=\u00bb4.24.2&#8243; _module_preset=\u00bbdefault\u00bb global_colors_info=\u00bb{}\u00bb][et_pb_text _builder_version=\u00bb4.24.2&#8243; _module_preset=\u00bbdefault\u00bb text_font=\u00bbArial||||||||\u00bb text_text_color=\u00bb#48B6E9&#8243; text_font_size=\u00bb24px\u00bb text_orientation=\u00bbcenter\u00bb width=\u00bb90%\u00bb module_alignment=\u00bbcenter\u00bb text_line_height_tablet=\u00bb\u00bb text_line_height_phone=\u00bb1em\u00bb text_line_height_last_edited=\u00bbon|phone\u00bb global_colors_info=\u00bb{}\u00bb]<\/p>\n<p>\u00bfQU\u00c9 ES UNA ENDODONCIA?<\/p>\n<p>[\/et_pb_text][\/et_pb_column][\/et_pb_row][et_pb_row column_structure=\u00bb3_5,2_5&#8243; use_custom_gutter=\u00bbon\u00bb gutter_width=\u00bb1&#8243; make_equal=\u00bbon\u00bb _builder_version=\u00bb4.24.2&#8243; _module_preset=\u00bbdefault\u00bb module_alignment=\u00bbcenter\u00bb custom_margin=\u00bb0px||||false|false\u00bb custom_padding=\u00bb0px||0px||true|false\u00bb global_colors_info=\u00bb{}\u00bb][et_pb_column type=\u00bb3_5&#8243; _builder_version=\u00bb4.24.2&#8243; _module_preset=\u00bbdefault\u00bb global_colors_info=\u00bb{}\u00bb][et_pb_text _builder_version=\u00bb4.24.2&#8243; _module_preset=\u00bbdefault\u00bb text_font=\u00bbArial||||||||\u00bb text_text_color=\u00bb#21325F\u00bb text_font_size=\u00bb17px\u00bb text_orientation=\u00bbjustified\u00bb width=\u00bb80%\u00bb width_tablet=\u00bb90%\u00bb width_phone=\u00bb90%\u00bb width_last_edited=\u00bbon|tablet\u00bb max_width_tablet=\u00bb768%\u00bb max_width_phone=\u00bb768%\u00bb max_width_last_edited=\u00bbon|tablet\u00bb module_alignment=\u00bbcenter\u00bb custom_margin=\u00bb||17px||false|false\u00bb global_colors_info=\u00bb{}\u00bb]<\/p>\n<p>La endodoncia es un procedimiento dental que se realiza para tratar el interior de un diente, espec\u00edficamente la pulpa dental, que es el tejido blando en el centro del diente que contiene nervios, vasos sangu\u00edneos y tejido conectivo. Este procedimiento tambi\u00e9n es conocido como \u00abtratamiento de conducto\u00bb o \u00abendodoncia dental\u00bb.<\/p>\n<p>La necesidad de una endodoncia surge cuando la pulpa dental se inflama o infecta, generalmente debido a caries dental avanzada, una fractura dental, un traumatismo o una infecci\u00f3n bacteriana. Los s\u00edntomas de la inflamaci\u00f3n o infecci\u00f3n pulpar pueden incluir dolor intenso, sensibilidad al calor o al fr\u00edo, hinchaz\u00f3n en la zona circundante y, en algunos casos, abscesos dentales.<\/p>\n<p>[\/et_pb_text][\/et_pb_column][et_pb_column type=\u00bb2_5&#8243; _builder_version=\u00bb4.24.2&#8243; _module_preset=\u00bbdefault\u00bb global_colors_info=\u00bb{}\u00bb][et_pb_image src=\u00bbhttps:\/\/nuevosmiledentalcare.com\/\/\/wp-content\/uploads\/2024\/03\/03.6.1-Endodoncia.jpg\u00bb title_text=\u00bb03.6.1-Endodoncia\u00bb align_tablet=\u00bbcenter\u00bb align_phone=\u00bbcenter\u00bb align_last_edited=\u00bbon|tablet\u00bb _builder_version=\u00bb4.25.1&#8243; _module_preset=\u00bbdefault\u00bb width=\u00bb90%\u00bb width_tablet=\u00bb55%\u00bb width_phone=\u00bb90%\u00bb width_last_edited=\u00bbon|tablet\u00bb custom_margin=\u00bb15px||||false|false\u00bb custom_padding_tablet=\u00bb||30px||false|false\u00bb custom_padding_phone=\u00bb||30px||false|false\u00bb custom_padding_last_edited=\u00bbon|tablet\u00bb global_colors_info=\u00bb{}\u00bb][\/et_pb_image][\/et_pb_column][\/et_pb_row][et_pb_row _builder_version=\u00bb4.24.2&#8243; _module_preset=\u00bbdefault\u00bb custom_margin=\u00bb0px||||false|false\u00bb custom_padding=\u00bb0px||70px||false|false\u00bb global_colors_info=\u00bb{}\u00bb][et_pb_column type=\u00bb4_4&#8243; _builder_version=\u00bb4.24.2&#8243; _module_preset=\u00bbdefault\u00bb global_colors_info=\u00bb{}\u00bb][et_pb_text _builder_version=\u00bb4.24.2&#8243; _module_preset=\u00bbdefault\u00bb text_font=\u00bbArial||||||||\u00bb text_text_color=\u00bb#21325F\u00bb text_font_size=\u00bb17px\u00bb text_orientation=\u00bbjustified\u00bb width=\u00bb88%\u00bb width_tablet=\u00bb90%\u00bb width_phone=\u00bb90%\u00bb width_last_edited=\u00bbon|tablet\u00bb max_width_tablet=\u00bb768%\u00bb max_width_phone=\u00bb768%\u00bb max_width_last_edited=\u00bbon|tablet\u00bb module_alignment=\u00bbcenter\u00bb custom_margin=\u00bb||0px||false|false\u00bb custom_padding=\u00bb||0px||false|false\u00bb global_colors_info=\u00bb{}\u00bb]<\/p>\n<p>El proceso de endodoncia generalmente sigue estos pasos:<\/p>\n<ol>\n<li style=\"list-style-type: none;\">\n<ol>\n<li><strong>Evaluaci\u00f3n y diagn\u00f3stico:<\/strong> El dentista realiza una evaluaci\u00f3n cl\u00ednica, radiogr\u00e1fica y, a veces, utiliza pruebas especiales para determinar la necesidad de una endodoncia.<\/li>\n<li><strong>Anestesia:<\/strong> Antes de comenzar el procedimiento, se administra anestesia local para adormecer la zona y garantizar la comodidad del paciente durante el tratamiento.<\/li>\n<li><strong>Acceso a la pulpa:<\/strong> El dentista crea una abertura en la corona del diente para acceder a la pulpa dental. En algunos casos, puede ser necesario retirar parte del esmalte dental para facilitar el acceso.<\/li>\n<li><strong>Eliminaci\u00f3n de la pulpa:<\/strong> Se retira la pulpa dental inflamada o infectada. El interior del diente se limpia, se modela y se desinfecta.<\/li>\n<li><strong>Relleno y sellado:<\/strong> Una vez que la pulpa se ha eliminado, el espacio resultante se rellena con un material de obturaci\u00f3n, como gutapercha, para sellar el canal radicular y prevenir futuras infecciones. La abertura en la corona se sella con un empaste dental.<\/li>\n<li><strong>Restauraci\u00f3n:<\/strong> Despu\u00e9s de una endodoncia, es com\u00fan que el diente tratado se debilite. Se puede recomendar la colocaci\u00f3n de una corona dental para restaurar la fuerza y la funci\u00f3n del diente.<\/li>\n<\/ol>\n<\/li>\n<\/ol>\n<p>[\/et_pb_text][et_pb_text _builder_version=\u00bb4.24.2&#8243; _module_preset=\u00bbdefault\u00bb text_font=\u00bbArial||||||||\u00bb text_text_color=\u00bb#21325F\u00bb text_font_size=\u00bb17px\u00bb text_orientation=\u00bbjustified\u00bb width=\u00bb88%\u00bb width_tablet=\u00bb90%\u00bb width_phone=\u00bb80%\u00bb width_last_edited=\u00bbon|tablet\u00bb max_width_tablet=\u00bb768%\u00bb max_width_phone=\u00bb768%\u00bb max_width_last_edited=\u00bbon|tablet\u00bb module_alignment=\u00bbcenter\u00bb custom_margin=\u00bb0px||||false|false\u00bb custom_padding=\u00bb0px||||false|false\u00bb global_colors_info=\u00bb{}\u00bb]<\/p>\n<p>La endodoncia es un procedimiento eficaz que permite salvar dientes que de otro modo podr\u00edan requerir extracci\u00f3n. La mayor\u00eda de los pacientes experimentan alivio del dolor despu\u00e9s de una endodoncia y pueden conservar su diente tratado durante muchos a\u00f1os con el cuidado dental adecuado.<\/p>\n<p>[\/et_pb_text][\/et_pb_column][\/et_pb_row][et_pb_row _builder_version=\u00bb4.24.2&#8243; _module_preset=\u00bbdefault\u00bb custom_margin=\u00bb0px||||false|false\u00bb custom_padding=\u00bb0px||40px||false|false\u00bb global_colors_info=\u00bb{}\u00bb][et_pb_column type=\u00bb4_4&#8243; _builder_version=\u00bb4.24.2&#8243; _module_preset=\u00bbdefault\u00bb global_colors_info=\u00bb{}\u00bb][et_pb_text _builder_version=\u00bb4.24.2&#8243; _module_preset=\u00bbdefault\u00bb text_font=\u00bbArial||||||||\u00bb text_text_color=\u00bb#48B6E9&#8243; text_font_size=\u00bb24px\u00bb text_orientation=\u00bbcenter\u00bb width=\u00bb90%\u00bb module_alignment=\u00bbcenter\u00bb custom_margin=\u00bb||45px|||\u00bb text_line_height_tablet=\u00bb\u00bb text_line_height_phone=\u00bb1em\u00bb text_line_height_last_edited=\u00bbon|phone\u00bb global_colors_info=\u00bb{}\u00bb]<\/p>\n<p>5 SE\u00d1ALES DE QUE NECESITA UNA ENDODONCIA<\/p>\n<p>[\/et_pb_text][et_pb_image src=\u00bbhttps:\/\/nuevosmiledentalcare.com\/\/\/wp-content\/uploads\/2024\/03\/03.6.2-Endodoncia.jpg\u00bb title_text=\u00bb03.6.2-Endodoncia\u00bb _builder_version=\u00bb4.25.1&#8243; _module_preset=\u00bbdefault\u00bb width=\u00bb30%\u00bb width_tablet=\u00bb55%\u00bb width_phone=\u00bb90%\u00bb width_last_edited=\u00bbon|tablet\u00bb module_alignment=\u00bbcenter\u00bb global_colors_info=\u00bb{}\u00bb][\/et_pb_image][et_pb_text _builder_version=\u00bb4.24.2&#8243; _module_preset=\u00bbdefault\u00bb text_font=\u00bbArial||||||||\u00bb text_text_color=\u00bb#21325F\u00bb text_font_size=\u00bb17px\u00bb text_orientation=\u00bbjustified\u00bb width=\u00bb88%\u00bb width_tablet=\u00bb90%\u00bb width_phone=\u00bb90%\u00bb width_last_edited=\u00bbon|tablet\u00bb max_width_tablet=\u00bb768%\u00bb max_width_phone=\u00bb768%\u00bb max_width_last_edited=\u00bbon|tablet\u00bb module_alignment=\u00bbcenter\u00bb custom_margin=\u00bb||0px||false|false\u00bb global_colors_info=\u00bb{}\u00bb]<\/p>\n<p>La necesidad de una endodoncia, tambi\u00e9n conocida como tratamiento de conducto, suele estar asociada a problemas en la pulpa dental, como inflamaci\u00f3n o infecci\u00f3n. Aqu\u00ed hay cinco se\u00f1ales que podr\u00edan indicar que necesitas una endodoncia:<\/p>\n<ol>\n<li style=\"list-style-type: none;\">\n<ol>\n<li><strong>Dolor persistente:<\/strong> El dolor dental persistente, especialmente al morder o aplicar presi\u00f3n sobre el diente, puede ser un signo de problemas en la pulpa dental. El dolor puede variar en intensidad, desde un dolor sordo hasta un dolor agudo.<\/li>\n<li><strong>Sensibilidad extrema:<\/strong> La sensibilidad dental extrema al calor o al fr\u00edo que persiste incluso despu\u00e9s de que el est\u00edmulo se retira puede ser indicativo de una infecci\u00f3n o inflamaci\u00f3n en la pulpa.<\/li>\n<li><strong>Hinchaz\u00f3n en las enc\u00edas:<\/strong> La presencia de hinchaz\u00f3n o una protuberancia en las enc\u00edas cerca de un diente espec\u00edfico puede ser un signo de infecci\u00f3n en la pulpa. En algunos casos, puede formarse un absceso dental.<\/li>\n<li><strong>Decoloraci\u00f3n del diente:<\/strong> Un cambio de color en un diente espec\u00edfico, como un oscurecimiento, puede ser un indicador de que la pulpa del diente est\u00e1 da\u00f1ada o muerta.<\/li>\n<li><strong>Dolor de muelas recurrente:<\/strong> Si experimentas dolor de muelas recurrente que no se alivia con analg\u00e9sicos y que persiste con el tiempo, podr\u00eda ser una se\u00f1al de que hay un problema m\u00e1s profundo en la pulpa dental.<\/li>\n<\/ol>\n<\/li>\n<\/ol>\n<ol start=\"5\"><\/ol>\n<p>[\/et_pb_text][et_pb_text _builder_version=\u00bb4.24.2&#8243; _module_preset=\u00bbdefault\u00bb text_font=\u00bbArial||||||||\u00bb text_text_color=\u00bb#21325F\u00bb text_font_size=\u00bb17px\u00bb text_orientation=\u00bbjustified\u00bb width=\u00bb88%\u00bb width_tablet=\u00bb90%\u00bb width_phone=\u00bb90%\u00bb width_last_edited=\u00bbon|tablet\u00bb max_width_tablet=\u00bb768%\u00bb max_width_phone=\u00bb768%\u00bb max_width_last_edited=\u00bbon|tablet\u00bb module_alignment=\u00bbcenter\u00bb custom_margin=\u00bb0px||||false|false\u00bb custom_padding=\u00bb0px||||false|false\u00bb global_colors_info=\u00bb{}\u00bb]<\/p>\n<p>Es importante se\u00f1alar que estas se\u00f1ales no siempre garantizan la necesidad de una endodoncia, ya que pueden tener otras explicaciones. Sin embargo, si experimentas alguno de estos s\u00edntomas, es crucial que consultes a tu dentista. Solo un profesional de la salud dental puede realizar una evaluaci\u00f3n completa y determinar si una endodoncia es necesaria para abordar los problemas en la pulpa dental. La detecci\u00f3n temprana y el tratamiento adecuado pueden ayudar a salvar el diente y prevenir complicaciones adicionales.<\/p>\n<p>[\/et_pb_text][\/et_pb_column][\/et_pb_row][\/et_pb_section]<\/p>\n","protected":false},"excerpt":{"rendered":"<p>ENDODONCIA\u00bfQU\u00c9 ES UNA ENDODONCIA?La endodoncia es un procedimiento dental que se realiza para tratar el interior de un diente, espec\u00edficamente la pulpa dental, que es el tejido blando en el centro del diente que contiene nervios, vasos sangu\u00edneos y tejido conectivo. Este procedimiento tambi\u00e9n es conocido como \u00abtratamiento de conducto\u00bb o \u00abendodoncia dental\u00bb. La necesidad [&hellip;]<\/p>\n","protected":false},"author":1,"featured_media":0,"parent":132,"menu_order":9,"comment_status":"closed","ping_status":"closed","template":"","meta":{"_et_pb_use_builder":"on","_et_pb_old_content":"","_et_gb_content_width":"","inline_featured_image":false,"footnotes":""},"class_list":["post-319","page","type-page","status-publish","hentry"],"_links":{"self":[{"href":"https:\/\/nuevosmiledentalcare.com\/index.php\/wp-json\/wp\/v2\/pages\/319","targetHints":{"allow":["GET"]}}],"collection":[{"href":"https:\/\/nuevosmiledentalcare.com\/index.php\/wp-json\/wp\/v2\/pages"}],"about":[{"href":"https:\/\/nuevosmiledentalcare.com\/index.php\/wp-json\/wp\/v2\/types\/page"}],"author":[{"embeddable":true,"href":"https:\/\/nuevosmiledentalcare.com\/index.php\/wp-json\/wp\/v2\/users\/1"}],"replies":[{"embeddable":true,"href":"https:\/\/nuevosmiledentalcare.com\/index.php\/wp-json\/wp\/v2\/comments?post=319"}],"version-history":[{"count":9,"href":"https:\/\/nuevosmiledentalcare.com\/index.php\/wp-json\/wp\/v2\/pages\/319\/revisions"}],"predecessor-version":[{"id":1424,"href":"https:\/\/nuevosmiledentalcare.com\/index.php\/wp-json\/wp\/v2\/pages\/319\/revisions\/1424"}],"up":[{"embeddable":true,"href":"https:\/\/nuevosmiledentalcare.com\/index.php\/wp-json\/wp\/v2\/pages\/132"}],"wp:attachment":[{"href":"https:\/\/nuevosmiledentalcare.com\/index.php\/wp-json\/wp\/v2\/media?parent=319"}],"curies":[{"name":"wp","href":"https:\/\/api.w.org\/{rel}","templated":true}]}}